{"id":12,"date":"2023-09-11T13:50:37","date_gmt":"2023-09-11T13:50:37","guid":{"rendered":"https:\/\/web4.rkinformatika.net\/autogruasjavilopez\/?page_id=12"},"modified":"2023-09-15T09:29:55","modified_gmt":"2023-09-15T09:29:55","slug":"servicios","status":"publish","type":"page","link":"https:\/\/autogruasjavilopez.com\/eu\/servicios\/","title":{"rendered":"Zerbitzuak"},"content":{"rendered":"<div data-elementor-type=\"wp-page\" data-elementor-id=\"12\" class=\"elementor elementor-12\" data-elementor-post-type=\"page\">\n\t\t\t\t\t\t<section class=\"elementor-section elementor-top-section elementor-element elementor-element-f6e16c6 elementor-section-boxed elementor-section-height-default elementor-section-height-default\" data-id=\"f6e16c6\" data-element_type=\"section\" data-e-type=\"section\" data-settings=\"{&quot;background_background&quot;:&quot;classic&quot;}\">\n\t\t\t\t\t\t\t<div class=\"elementor-background-overlay\"><\/div>\n\t\t\t\t\t\t\t<div class=\"elementor-container elementor-column-gap-default\">\n\t\t\t\t\t<div class=\"elementor-column elementor-col-100 elementor-top-column elementor-element elementor-element-4b24b76\" data-id=\"4b24b76\" data-element_type=\"column\" data-e-type=\"column\">\n\t\t\t<div class=\"elementor-widget-wrap\">\n\t\t\t\t\t\t\t<\/div>\n\t\t<\/div>\n\t\t\t\t\t<\/div>\n\t\t<\/section>\n\t\t\t\t<section class=\"elementor-section elementor-top-section elementor-element elementor-element-51ba191 elementor-section-boxed elementor-section-height-default elementor-section-height-default elementor-invisible\" data-id=\"51ba191\" data-element_type=\"section\" data-e-type=\"section\" data-settings=\"{&quot;animation&quot;:&quot;fadeIn&quot;}\">\n\t\t\t\t\t\t<div class=\"elementor-container elementor-column-gap-default\">\n\t\t\t\t\t<div class=\"elementor-column elementor-col-100 elementor-top-column elementor-element elementor-element-0be0172\" data-id=\"0be0172\" data-element_type=\"column\" data-e-type=\"column\">\n\t\t\t<div class=\"elementor-widget-wrap elementor-element-populated\">\n\t\t\t\t\t\t<div class=\"elementor-element elementor-element-8414ffb elementor-widget elementor-widget-heading\" data-id=\"8414ffb\" data-element_type=\"widget\" data-e-type=\"widget\" data-widget_type=\"heading.default\">\n\t\t\t\t<div class=\"elementor-widget-container\">\n\t\t\t\t\t<h2 class=\"elementor-heading-title elementor-size-default\">SERVICIOS<\/h2>\t\t\t\t<\/div>\n\t\t\t\t<\/div>\n\t\t\t\t\t<\/div>\n\t\t<\/div>\n\t\t\t\t\t<\/div>\n\t\t<\/section>\n\t\t\t\t<\/div>","protected":false},"excerpt":{"rendered":"<p>SERVICIOS Servicio de autogr\u00faas para autocarga en cami\u00f3n gr\u00faa de material y maquinaria. Ofrecemos una amplia gama de autogruas para transportar cargas y maquinaria pesada, compatibles con varios camiones gr\u00faa. Tenemos soluciones para grandes materiales y maquinaria delicada, y nuestro equipo de profesionales experimentados ofrece orientaci\u00f3n y apoyo durante el proceso de transporte. Nuestro historial [&hellip;]<\/p>\n","protected":false},"author":1,"featured_media":0,"parent":0,"menu_order":0,"comment_status":"closed","ping_status":"closed","template":"","meta":{"footnotes":""},"class_list":["post-12","page","type-page","status-publish","hentry"],"yoast_head":"<!-- This site is optimized with the Yoast SEO plugin v27.5 - https:\/\/yoast.com\/product\/yoast-seo-wordpress\/ -->\n<title>Servicios - Autogr\u00faas Javi L\u00f3pez<\/title>\n<meta name=\"robots\" content=\"index, follow, max-snippet:-1, max-image-preview:large, max-video-preview:-1\" \/>\n<link rel=\"canonical\" href=\"https:\/\/autogruasjavilopez.com\/eu\/servicios\/\" \/>\n<meta property=\"og:locale\" content=\"en_US\" \/>\n<meta property=\"og:type\" content=\"article\" \/>\n<meta property=\"og:title\" content=\"Servicios - Autogr\u00faas Javi L\u00f3pez\" \/>\n<meta property=\"og:description\" content=\"SERVICIOS Servicio de autogr\u00faas para autocarga en cami\u00f3n gr\u00faa de material y maquinaria. Ofrecemos una amplia gama de autogruas para transportar cargas y maquinaria pesada, compatibles con varios camiones gr\u00faa. Tenemos soluciones para grandes materiales y maquinaria delicada, y nuestro equipo de profesionales experimentados ofrece orientaci\u00f3n y apoyo durante el proceso de transporte. Nuestro historial [&hellip;]\" \/>\n<meta property=\"og:url\" content=\"https:\/\/autogruasjavilopez.com\/eu\/servicios\/\" \/>\n<meta property=\"og:site_name\" content=\"Autogr\u00faas Javi L\u00f3pez\" \/>\n<meta property=\"article:modified_time\" content=\"2023-09-15T09:29:55+00:00\" \/>\n<meta name=\"twitter:card\" content=\"summary_large_image\" \/>\n<meta name=\"twitter:label1\" content=\"Est. reading time\" \/>\n\t<meta name=\"twitter:data1\" content=\"1 minutua\" \/>\n<script type=\"application\/ld+json\" class=\"yoast-schema-graph\">{\"@context\":\"https:\\\/\\\/schema.org\",\"@graph\":[{\"@type\":\"WebPage\",\"@id\":\"https:\\\/\\\/autogruasjavilopez.com\\\/servicios\\\/\",\"url\":\"https:\\\/\\\/autogruasjavilopez.com\\\/servicios\\\/\",\"name\":\"Servicios - Autogr\u00faas Javi L\u00f3pez\",\"isPartOf\":{\"@id\":\"https:\\\/\\\/autogruasjavilopez.com\\\/#website\"},\"datePublished\":\"2023-09-11T13:50:37+00:00\",\"dateModified\":\"2023-09-15T09:29:55+00:00\",\"breadcrumb\":{\"@id\":\"https:\\\/\\\/autogruasjavilopez.com\\\/servicios\\\/#breadcrumb\"},\"inLanguage\":\"eu\",\"potentialAction\":[{\"@type\":\"ReadAction\",\"target\":[\"https:\\\/\\\/autogruasjavilopez.com\\\/servicios\\\/\"]}]},{\"@type\":\"BreadcrumbList\",\"@id\":\"https:\\\/\\\/autogruasjavilopez.com\\\/servicios\\\/#breadcrumb\",\"itemListElement\":[{\"@type\":\"ListItem\",\"position\":1,\"name\":\"Portada\",\"item\":\"https:\\\/\\\/autogruasjavilopez.com\\\/\"},{\"@type\":\"ListItem\",\"position\":2,\"name\":\"Servicios\"}]},{\"@type\":\"WebSite\",\"@id\":\"https:\\\/\\\/autogruasjavilopez.com\\\/#website\",\"url\":\"https:\\\/\\\/autogruasjavilopez.com\\\/\",\"name\":\"Autogr\u00faas Javi L\u00f3pez\",\"description\":\"\",\"potentialAction\":[{\"@type\":\"SearchAction\",\"target\":{\"@type\":\"EntryPoint\",\"urlTemplate\":\"https:\\\/\\\/autogruasjavilopez.com\\\/?s={search_term_string}\"},\"query-input\":{\"@type\":\"PropertyValueSpecification\",\"valueRequired\":true,\"valueName\":\"search_term_string\"}}],\"inLanguage\":\"eu\"}]}<\/script>\n<!-- \/ Yoast SEO plugin. -->","yoast_head_json":{"title":"Servicios - Autogr\u00faas Javi L\u00f3pez","robots":{"index":"index","follow":"follow","max-snippet":"max-snippet:-1","max-image-preview":"max-image-preview:large","max-video-preview":"max-video-preview:-1"},"canonical":"https:\/\/autogruasjavilopez.com\/eu\/servicios\/","og_locale":"en_US","og_type":"article","og_title":"Servicios - Autogr\u00faas Javi L\u00f3pez","og_description":"SERVICIOS Servicio de autogr\u00faas para autocarga en cami\u00f3n gr\u00faa de material y maquinaria. Ofrecemos una amplia gama de autogruas para transportar cargas y maquinaria pesada, compatibles con varios camiones gr\u00faa. Tenemos soluciones para grandes materiales y maquinaria delicada, y nuestro equipo de profesionales experimentados ofrece orientaci\u00f3n y apoyo durante el proceso de transporte. Nuestro historial [&hellip;]","og_url":"https:\/\/autogruasjavilopez.com\/eu\/servicios\/","og_site_name":"Autogr\u00faas Javi L\u00f3pez","article_modified_time":"2023-09-15T09:29:55+00:00","twitter_card":"summary_large_image","twitter_misc":{"Est. reading time":"1 minutua"},"schema":{"@context":"https:\/\/schema.org","@graph":[{"@type":"WebPage","@id":"https:\/\/autogruasjavilopez.com\/servicios\/","url":"https:\/\/autogruasjavilopez.com\/servicios\/","name":"Servicios - Autogr\u00faas Javi L\u00f3pez","isPartOf":{"@id":"https:\/\/autogruasjavilopez.com\/#website"},"datePublished":"2023-09-11T13:50:37+00:00","dateModified":"2023-09-15T09:29:55+00:00","breadcrumb":{"@id":"https:\/\/autogruasjavilopez.com\/servicios\/#breadcrumb"},"inLanguage":"eu","potentialAction":[{"@type":"ReadAction","target":["https:\/\/autogruasjavilopez.com\/servicios\/"]}]},{"@type":"BreadcrumbList","@id":"https:\/\/autogruasjavilopez.com\/servicios\/#breadcrumb","itemListElement":[{"@type":"ListItem","position":1,"name":"Portada","item":"https:\/\/autogruasjavilopez.com\/"},{"@type":"ListItem","position":2,"name":"Servicios"}]},{"@type":"WebSite","@id":"https:\/\/autogruasjavilopez.com\/#website","url":"https:\/\/autogruasjavilopez.com\/","name":"Autogr\u00faas Javi L\u00f3pez","description":"","potentialAction":[{"@type":"SearchAction","target":{"@type":"EntryPoint","urlTemplate":"https:\/\/autogruasjavilopez.com\/?s={search_term_string}"},"query-input":{"@type":"PropertyValueSpecification","valueRequired":true,"valueName":"search_term_string"}}],"inLanguage":"eu"}]}},"_links":{"self":[{"href":"https:\/\/autogruasjavilopez.com\/eu\/wp-json\/wp\/v2\/pages\/12","targetHints":{"allow":["GET"]}}],"collection":[{"href":"https:\/\/autogruasjavilopez.com\/eu\/wp-json\/wp\/v2\/pages"}],"about":[{"href":"https:\/\/autogruasjavilopez.com\/eu\/wp-json\/wp\/v2\/types\/page"}],"author":[{"embeddable":true,"href":"https:\/\/autogruasjavilopez.com\/eu\/wp-json\/wp\/v2\/users\/1"}],"replies":[{"embeddable":true,"href":"https:\/\/autogruasjavilopez.com\/eu\/wp-json\/wp\/v2\/comments?post=12"}],"version-history":[{"count":25,"href":"https:\/\/autogruasjavilopez.com\/eu\/wp-json\/wp\/v2\/pages\/12\/revisions"}],"predecessor-version":[{"id":283,"href":"https:\/\/autogruasjavilopez.com\/eu\/wp-json\/wp\/v2\/pages\/12\/revisions\/283"}],"wp:attachment":[{"href":"https:\/\/autogruasjavilopez.com\/eu\/wp-json\/wp\/v2\/media?parent=12"}],"curies":[{"name":"wp","href":"https:\/\/api.w.org\/{rel}","templated":true}]}}