{"id":2,"date":"2023-09-11T13:28:11","date_gmt":"2023-09-11T13:28:11","guid":{"rendered":"https:\/\/web4.rkinformatika.net\/autogruasjavilopez\/?page_id=2"},"modified":"2024-06-11T13:52:15","modified_gmt":"2024-06-11T13:52:15","slug":"inicio","status":"publish","type":"page","link":"https:\/\/autogruasjavilopez.com\/eu\/","title":{"rendered":"Hasiera"},"content":{"rendered":"<div data-elementor-type=\"wp-page\" data-elementor-id=\"2\" class=\"elementor elementor-2\" data-elementor-post-type=\"page\">\n\t\t\t\t\t\t<section class=\"elementor-section elementor-top-section elementor-element elementor-element-f144114 elementor-section-boxed elementor-section-height-default elementor-section-height-default\" data-id=\"f144114\" data-element_type=\"section\" data-e-type=\"section\" data-settings=\"{&quot;background_background&quot;:&quot;classic&quot;}\">\n\t\t\t\t\t\t\t<div class=\"elementor-background-overlay\"><\/div>\n\t\t\t\t\t\t\t<div class=\"elementor-container elementor-column-gap-default\">\n\t\t\t\t\t<div class=\"elementor-column elementor-col-100 elementor-top-column elementor-element elementor-element-99c0f33\" data-id=\"99c0f33\" data-element_type=\"column\" data-e-type=\"column\">\n\t\t\t<div class=\"elementor-widget-wrap\">\n\t\t\t\t\t\t\t<\/div>\n\t\t<\/div>\n\t\t\t\t\t<\/div>\n\t\t<\/section>\n\t\t\t\t<section class=\"elementor-section elementor-top-section elementor-element elementor-element-43fee3c elementor-section-boxed elementor-section-height-default elementor-section-height-default elementor-invisible\" data-id=\"43fee3c\" data-element_type=\"section\" data-e-type=\"section\" data-settings=\"{&quot;animation&quot;:&quot;fadeIn&quot;}\">\n\t\t\t\t\t\t<div class=\"elementor-container elementor-column-gap-default\">\n\t\t\t\t\t<div class=\"elementor-column elementor-col-100 elementor-top-column elementor-element elementor-element-3e66f87\" data-id=\"3e66f87\" data-element_type=\"column\" data-e-type=\"column\">\n\t\t\t<div class=\"elementor-widget-wrap elementor-element-populated\">\n\t\t\t\t\t\t<div class=\"elementor-element elementor-element-a29c1fb elementor-widget elementor-widget-heading\" data-id=\"a29c1fb\" data-element_type=\"widget\" data-e-type=\"widget\" data-widget_type=\"heading.default\">\n\t\t\t\t<div class=\"elementor-widget-container\">\n\t\t\t\t\t<h2 class=\"elementor-heading-title elementor-size-default\">ONGI ETORRI<br>JAVI LOPEZ AUTOGRUETARA<\/h2>\t\t\t\t<\/div>\n\t\t\t\t<\/div>\n\t\t\t\t\t<\/div>\n\t\t<\/div>\n\t\t\t\t\t<\/div>\n\t\t<\/section>\n\t\t\t\t<section class=\"elementor-section elementor-top-section elementor-element elementor-element-d037b7e elementor-section-boxed elementor-section-height-default elementor-section-height-default elementor-invisible\" data-id=\"d037b7e\" data-element_type=\"section\" data-e-type=\"section\" data-settings=\"{&quot;animation&quot;:&quot;fadeIn&quot;,&quot;animation_tablet&quot;:&quot;fadeInUp&quot;}\">\n\t\t\t\t\t\t<div class=\"elementor-container elementor-column-gap-default\">\n\t\t\t\t\t<div class=\"elementor-column elementor-col-100 elementor-top-column elementor-element elementor-element-f16836a\" data-id=\"f16836a\" data-element_type=\"column\" data-e-type=\"column\">\n\t\t\t<div class=\"elementor-widget-wrap elementor-element-populated\">\n\t\t\t\t\t\t<div class=\"elementor-element elementor-element-83588d4 elementor-widget elementor-widget-heading\" data-id=\"83588d4\" data-element_type=\"widget\" data-e-type=\"widget\" data-widget_type=\"heading.default\">\n\t\t\t\t<div class=\"elementor-widget-container\">\n\t\t\t\t\t<h2 class=\"elementor-heading-title elementor-size-default\">GURE ZERBITZUAK <\/h2>\t\t\t\t<\/div>\n\t\t\t\t<\/div>\n\t\t\t\t\t<\/div>\n\t\t<\/div>\n\t\t\t\t\t<\/div>\n\t\t<\/section>\n\t\t\t\t<section class=\"elementor-section elementor-top-section elementor-element elementor-element-ea58038 elementor-section-boxed elementor-section-height-default elementor-section-height-default\" data-id=\"ea58038\" data-element_type=\"section\" data-e-type=\"section\" data-settings=\"{&quot;background_background&quot;:&quot;classic&quot;,&quot;animation_tablet&quot;:&quot;fadeInUp&quot;}\">\n\t\t\t\t\t\t\t<div class=\"elementor-background-overlay\"><\/div>\n\t\t\t\t\t\t\t<div class=\"elementor-container elementor-column-gap-default\">\n\t\t\t\t\t<div class=\"elementor-column elementor-col-100 elementor-top-column elementor-element elementor-element-8201876\" data-id=\"8201876\" data-element_type=\"column\" data-e-type=\"column\">\n\t\t\t<div class=\"elementor-widget-wrap elementor-element-populated\">\n\t\t\t\t\t\t<div class=\"elementor-element elementor-element-5de2406 elementor-widget elementor-widget-heading\" data-id=\"5de2406\" data-element_type=\"widget\" data-e-type=\"widget\" data-widget_type=\"heading.default\">\n\t\t\t\t<div class=\"elementor-widget-container\">\n\t\t\t\t\t<h2 class=\"elementor-heading-title elementor-size-default\">Dei iezaguzu edo idatz iezaguzu batere gabe\nkonpromisoa, pozik erantzungo dizugu<\/h2>\t\t\t\t<\/div>\n\t\t\t\t<\/div>\n\t\t\t\t<div class=\"elementor-element elementor-element-391521c elementor-align-center elementor-widget elementor-widget-button\" data-id=\"391521c\" data-element_type=\"widget\" data-e-type=\"widget\" data-settings=\"{&quot;_animation_tablet&quot;:&quot;fadeIn&quot;}\" data-widget_type=\"button.default\">\n\t\t\t\t<div class=\"elementor-widget-container\">\n\t\t\t\t\t\t\t\t\t<div class=\"elementor-button-wrapper\">\n\t\t\t\t\t<a class=\"elementor-button elementor-button-link elementor-size-sm elementor-animation-grow\" href=\"https:\/\/autogruasjavilopez.com\/index.php\/contacto\/\">\n\t\t\t\t\t\t<span class=\"elementor-button-content-wrapper\">\n\t\t\t\t\t\t\t\t\t<span class=\"elementor-button-text\">Jarri gurekin harremanetan<\/span>\n\t\t\t\t\t<\/span>\n\t\t\t\t\t<\/a>\n\t\t\t\t<\/div>\n\t\t\t\t\t\t\t\t<\/div>\n\t\t\t\t<\/div>\n\t\t\t\t\t<\/div>\n\t\t<\/div>\n\t\t\t\t\t<\/div>\n\t\t<\/section>\n\t\t\t\t<\/div>","protected":false},"excerpt":{"rendered":"<p>BIENVENIDO\/AAUTOGR\u00daAS JAVI L\u00d3PEZ NUESTROS SERVICIOS Ll\u00e1manos o escr\u00edbenos sin ning\u00fan compromiso, estaremos encantados de atenderte Cont\u00e1ctenos<\/p>","protected":false},"author":1,"featured_media":0,"parent":0,"menu_order":0,"comment_status":"closed","ping_status":"closed","template":"","meta":{"footnotes":""},"class_list":["post-2","page","type-page","status-publish","hentry"],"yoast_head":"<!-- This site is optimized with the Yoast SEO plugin v27.5 - https:\/\/yoast.com\/product\/yoast-seo-wordpress\/ -->\n<title>In\u00edcio - Autogr\u00faas Javi L\u00f3pez<\/title>\n<meta name=\"robots\" content=\"index, follow, max-snippet:-1, max-image-preview:large, max-video-preview:-1\" \/>\n<link rel=\"canonical\" href=\"https:\/\/autogruasjavilopez.com\/eu\/\" \/>\n<meta property=\"og:locale\" content=\"en_US\" \/>\n<meta property=\"og:type\" content=\"article\" \/>\n<meta property=\"og:title\" content=\"In\u00edcio - Autogr\u00faas Javi L\u00f3pez\" \/>\n<meta property=\"og:description\" content=\"BIENVENIDO\/AAUTOGR\u00daAS JAVI L\u00d3PEZ NUESTROS SERVICIOS Ll\u00e1manos o escr\u00edbenos sin ning\u00fan compromiso, estaremos encantados de atenderte Cont\u00e1ctenos\" \/>\n<meta property=\"og:url\" content=\"https:\/\/autogruasjavilopez.com\/eu\/\" \/>\n<meta property=\"og:site_name\" content=\"Autogr\u00faas Javi L\u00f3pez\" \/>\n<meta property=\"article:modified_time\" content=\"2024-06-11T13:52:15+00:00\" \/>\n<meta name=\"twitter:card\" content=\"summary_large_image\" \/>\n<meta name=\"twitter:label1\" content=\"Est. reading time\" \/>\n\t<meta name=\"twitter:data1\" content=\"1 minutua\" \/>\n<script type=\"application\/ld+json\" class=\"yoast-schema-graph\">{\"@context\":\"https:\\\/\\\/schema.org\",\"@graph\":[{\"@type\":\"WebPage\",\"@id\":\"https:\\\/\\\/autogruasjavilopez.com\\\/\",\"url\":\"https:\\\/\\\/autogruasjavilopez.com\\\/\",\"name\":\"In\u00edcio - Autogr\u00faas Javi L\u00f3pez\",\"isPartOf\":{\"@id\":\"https:\\\/\\\/autogruasjavilopez.com\\\/#website\"},\"datePublished\":\"2023-09-11T13:28:11+00:00\",\"dateModified\":\"2024-06-11T13:52:15+00:00\",\"breadcrumb\":{\"@id\":\"https:\\\/\\\/autogruasjavilopez.com\\\/#breadcrumb\"},\"inLanguage\":\"eu\",\"potentialAction\":[{\"@type\":\"ReadAction\",\"target\":[\"https:\\\/\\\/autogruasjavilopez.com\\\/\"]}]},{\"@type\":\"BreadcrumbList\",\"@id\":\"https:\\\/\\\/autogruasjavilopez.com\\\/#breadcrumb\",\"itemListElement\":[{\"@type\":\"ListItem\",\"position\":1,\"name\":\"Portada\",\"item\":\"https:\\\/\\\/autogruasjavilopez.com\\\/\"},{\"@type\":\"ListItem\",\"position\":2,\"name\":\"In\u00edcio\"}]},{\"@type\":\"WebSite\",\"@id\":\"https:\\\/\\\/autogruasjavilopez.com\\\/#website\",\"url\":\"https:\\\/\\\/autogruasjavilopez.com\\\/\",\"name\":\"Autogr\u00faas Javi L\u00f3pez\",\"description\":\"\",\"potentialAction\":[{\"@type\":\"SearchAction\",\"target\":{\"@type\":\"EntryPoint\",\"urlTemplate\":\"https:\\\/\\\/autogruasjavilopez.com\\\/?s={search_term_string}\"},\"query-input\":{\"@type\":\"PropertyValueSpecification\",\"valueRequired\":true,\"valueName\":\"search_term_string\"}}],\"inLanguage\":\"eu\"}]}<\/script>\n<!-- \/ Yoast SEO plugin. -->","yoast_head_json":{"title":"In\u00edcio - Autogr\u00faas Javi L\u00f3pez","robots":{"index":"index","follow":"follow","max-snippet":"max-snippet:-1","max-image-preview":"max-image-preview:large","max-video-preview":"max-video-preview:-1"},"canonical":"https:\/\/autogruasjavilopez.com\/eu\/","og_locale":"en_US","og_type":"article","og_title":"In\u00edcio - Autogr\u00faas Javi L\u00f3pez","og_description":"BIENVENIDO\/AAUTOGR\u00daAS JAVI L\u00d3PEZ NUESTROS SERVICIOS Ll\u00e1manos o escr\u00edbenos sin ning\u00fan compromiso, estaremos encantados de atenderte Cont\u00e1ctenos","og_url":"https:\/\/autogruasjavilopez.com\/eu\/","og_site_name":"Autogr\u00faas Javi L\u00f3pez","article_modified_time":"2024-06-11T13:52:15+00:00","twitter_card":"summary_large_image","twitter_misc":{"Est. reading time":"1 minutua"},"schema":{"@context":"https:\/\/schema.org","@graph":[{"@type":"WebPage","@id":"https:\/\/autogruasjavilopez.com\/","url":"https:\/\/autogruasjavilopez.com\/","name":"In\u00edcio - Autogr\u00faas Javi L\u00f3pez","isPartOf":{"@id":"https:\/\/autogruasjavilopez.com\/#website"},"datePublished":"2023-09-11T13:28:11+00:00","dateModified":"2024-06-11T13:52:15+00:00","breadcrumb":{"@id":"https:\/\/autogruasjavilopez.com\/#breadcrumb"},"inLanguage":"eu","potentialAction":[{"@type":"ReadAction","target":["https:\/\/autogruasjavilopez.com\/"]}]},{"@type":"BreadcrumbList","@id":"https:\/\/autogruasjavilopez.com\/#breadcrumb","itemListElement":[{"@type":"ListItem","position":1,"name":"Portada","item":"https:\/\/autogruasjavilopez.com\/"},{"@type":"ListItem","position":2,"name":"In\u00edcio"}]},{"@type":"WebSite","@id":"https:\/\/autogruasjavilopez.com\/#website","url":"https:\/\/autogruasjavilopez.com\/","name":"Autogr\u00faas Javi L\u00f3pez","description":"","potentialAction":[{"@type":"SearchAction","target":{"@type":"EntryPoint","urlTemplate":"https:\/\/autogruasjavilopez.com\/?s={search_term_string}"},"query-input":{"@type":"PropertyValueSpecification","valueRequired":true,"valueName":"search_term_string"}}],"inLanguage":"eu"}]}},"_links":{"self":[{"href":"https:\/\/autogruasjavilopez.com\/eu\/wp-json\/wp\/v2\/pages\/2","targetHints":{"allow":["GET"]}}],"collection":[{"href":"https:\/\/autogruasjavilopez.com\/eu\/wp-json\/wp\/v2\/pages"}],"about":[{"href":"https:\/\/autogruasjavilopez.com\/eu\/wp-json\/wp\/v2\/types\/page"}],"author":[{"embeddable":true,"href":"https:\/\/autogruasjavilopez.com\/eu\/wp-json\/wp\/v2\/users\/1"}],"replies":[{"embeddable":true,"href":"https:\/\/autogruasjavilopez.com\/eu\/wp-json\/wp\/v2\/comments?post=2"}],"version-history":[{"count":76,"href":"https:\/\/autogruasjavilopez.com\/eu\/wp-json\/wp\/v2\/pages\/2\/revisions"}],"predecessor-version":[{"id":301,"href":"https:\/\/autogruasjavilopez.com\/eu\/wp-json\/wp\/v2\/pages\/2\/revisions\/301"}],"wp:attachment":[{"href":"https:\/\/autogruasjavilopez.com\/eu\/wp-json\/wp\/v2\/media?parent=2"}],"curies":[{"name":"wp","href":"https:\/\/api.w.org\/{rel}","templated":true}]}}